{"id":1747,"date":"2024-05-30T09:36:15","date_gmt":"2024-05-30T07:36:15","guid":{"rendered":"https:\/\/www.camping-lacbleu.fr\/kontakt\/"},"modified":"2024-08-16T15:59:29","modified_gmt":"2024-08-16T13:59:29","slug":"kontakt","status":"publish","type":"page","link":"https:\/\/www.camping-lacbleu.fr\/de\/kontakt\/","title":{"rendered":"Kontakt"},"content":{"rendered":"\n<div class=\"is-layout-flow wp-block-group alignfull diaporama-header T-05\"><div class=\"fc-galerie fc-auto \"  style=\"\"  ><figure class=\"fc-galerie__item fc-auto f-carousel__slide \" style=\"\"><picture><source srcset=\"https:\/\/www.camping-lacbleu.fr\/wp-content\/uploads\/2024\/06\/batch_vue-aerienne-02-camping-vercors-drome-piscine-chauffee-lac-diois-210x210.webp\" media=\"(max-width: 211px)\"><source srcset=\"https:\/\/www.camping-lacbleu.fr\/wp-content\/uploads\/2024\/06\/batch_vue-aerienne-02-camping-vercors-drome-piscine-chauffee-lac-diois-415x580.webp\" media=\"(max-width: 416px)\"><source srcset=\"https:\/\/www.camping-lacbleu.fr\/wp-content\/uploads\/2024\/06\/batch_vue-aerienne-02-camping-vercors-drome-piscine-chauffee-lac-diois-420x236.webp\" media=\"(max-width: 421px)\"><source srcset=\"https:\/\/www.camping-lacbleu.fr\/wp-content\/uploads\/2024\/06\/batch_vue-aerienne-02-camping-vercors-drome-piscine-chauffee-lac-diois-1024x575.webp\" media=\"(max-width: 1025px)\"><source srcset=\"https:\/\/www.camping-lacbleu.fr\/wp-content\/uploads\/2024\/06\/batch_vue-aerienne-02-camping-vercors-drome-piscine-chauffee-lac-diois.webp\" media=\"(min-width: 1026px)\"><img decoding=\"async\" loading=\"lazy\" width=\"415\" height=\"210\" src=\"https:\/\/www.camping-lacbleu.fr\/wp-content\/uploads\/2024\/06\/batch_vue-aerienne-02-camping-vercors-drome-piscine-chauffee-lac-diois-210x210.webp\" alt=\"camping vercors lac diois\" title=\"\"><\/picture><\/figure><\/div>\n\n\n<div class=\"is-layout-constrained wp-block-group\"><\/div>\n\n\n<figure class=\"deco--ligne-v fc-auto \" style=\"\"  ><picture><source srcset=\"https:\/\/www.camping-lacbleu.fr\/wp-content\/uploads\/2024\/06\/ligne-v.svg\" media=\"(max-width: 211px)\"><source srcset=\"https:\/\/www.camping-lacbleu.fr\/wp-content\/uploads\/2024\/06\/ligne-v.svg\" media=\"(max-width: 421px)\"><source srcset=\"https:\/\/www.camping-lacbleu.fr\/wp-content\/uploads\/2024\/06\/ligne-v.svg\" media=\"(max-width: 1025px)\"><source srcset=\"https:\/\/www.camping-lacbleu.fr\/wp-content\/uploads\/2024\/06\/ligne-v.svg\" media=\"(min-width: 1026px)\"><img decoding=\"async\" loading=\"lazy\" width=\"420\" height=\"210\" src=\"https:\/\/www.camping-lacbleu.fr\/wp-content\/uploads\/2024\/06\/ligne-v.svg\" alt=\"camping Ciela\" title=\"\"><\/picture><\/figure>\n\n<figure class=\"deco--vague-header fc-auto \" style=\"\"  ><picture><source srcset=\"https:\/\/www.camping-lacbleu.fr\/wp-content\/uploads\/2024\/06\/vague-b2.svg\" media=\"(max-width: 211px)\"><source srcset=\"https:\/\/www.camping-lacbleu.fr\/wp-content\/uploads\/2024\/06\/vague-b2.svg\" media=\"(max-width: 421px)\"><source srcset=\"https:\/\/www.camping-lacbleu.fr\/wp-content\/uploads\/2024\/06\/vague-b2.svg\" media=\"(max-width: 1025px)\"><source srcset=\"https:\/\/www.camping-lacbleu.fr\/wp-content\/uploads\/2024\/06\/vague-b2.svg\" media=\"(min-width: 1026px)\"><img decoding=\"async\" loading=\"lazy\" width=\"420\" height=\"210\" src=\"https:\/\/www.camping-lacbleu.fr\/wp-content\/uploads\/2024\/06\/vague-b2.svg\" alt=\"camping Ciela\" title=\"\"><\/picture><\/figure><\/div>\n\n\n\n<div class=\"is-layout-constrained wp-block-group\">\n<h1 class=\"has-text-align-center\" id=\"contact-acces\">Kontakt &amp; Anreise<\/h1>\n\n\n\n<h2 class=\"has-text-align-center has-vert-color has-text-color\" id=\"nous-contacter\">Kontaktieren Sie uns<\/h2>\n\n\n\n<p class=\"has-text-align-center\">F\u00fcr Fragen oder Buchungsanfragen k\u00f6nnen Sie uns erreichen:<\/p>\n\n\n\n<p class=\"has-text-align-center\">Telefonisch unter :  <a itemprop=\"telephone\" href=\"tel:+33482790010\">+33 (0)4 82 79 00 10<\/a><\/p>\n\n\n\n<p class=\"has-text-align-center\">Per E-Mail:  <a itemprop=\"email\" href=\"mailto:lelacbleu@cielavillage.com\">lelacbleu@cielavillage.com<\/a><\/p>\n\n\n\n<h2 class=\"has-text-align-center has-vert-color has-text-color\" id=\"demande-d-informations\">Anfrage f\u00fcr ein Angebot<\/h2>\n\n\n\n<p class=\"has-text-align-center\">F\u00fcr weitere Informationen oder Ausk\u00fcnfte \u00fcber die <strong>Buchung eines Ferienhauses oder eines Stellplatzes<\/strong> f\u00fcllen Sie bitte die folgenden Felder aus:<\/p>\n\n\n\t<div class='ctv-form'>\n\t\t<script type=\"text\/javascript\">\n\t\tvar customOptions = {\n\t\t\tIdentity:{\n\t\t\t\tCompanyId: '14',\n\t\t\t\tEstablishmentIds: '2429',\n\t\t\t\tLanguage: 'de',\n\t\t\t\tPolice: 'Open Sans',\n\t\t\t\tShowHeader: 'false',\n\t\t\t\tHeaderColor: 'e8e8e8',\n\t\t\t\tTextColor: '585852',\n\t\t\t\tBackgroundColor: 'e8e8e8',\n\t\t\t\tPoliceColor: '585852',\n\t\t\t\tButtonColor: '585852',\n\t\t\t\tHoverColor: 'ffffff'\n\t\t\t}\n\t\t};\n\t\t!function(){var e=new window.CTV.Widget('CRM', 'Estimate', customOptions);\n\t\tdocument.write(e.Write()),window.CTV.WidgetsCollection.push(e), e.Send()}();\n\t\t<\/script>\n\t<\/div>\n\t\n<\/div>\n\n\n\n<section id=\"newsletter\" class=\"is-layout-flow wp-block-group deco--lignes\">\n<p class=\"has-text-align-center h2 has-vert-color has-text-color\"><em>Erhalten Sie alle unsere Informationen und Neuigkeiten<\/em>, indem Sie sich f\u00fcr den Newsletter anmelden.<\/p>\n\n\n\t<div class='ctv-newsletter'>\n\t\t<h2><em>Anmeldung f\u00fcr den Newsletter<\/em><\/h2>\n\t\t<script type=\"text\/javascript\">\n\t\t\tvar customOptions = {\n\t\t\t\tIdentity:{\n\t\t\t\t\tCompanyId: '14',\n\t\t\t\t\tEstablishmentIds: '2429',\n\t\t\t\t\tLanguage: 'de',\n\t\t\t\t\tPolice: 'Open Sans',\n\t\t\t\t\tShowHeader: 'false',\n\t\t\t\t\tHeaderColor: 'e8e8e8',\n\t\t\t\t\tTextColor: '585852',\n\t\t\t\t\tBackgroundColor: 'e8e8e8',\n\t\t\t\t\tPoliceColor: '585852',\n\t\t\t\t\tButtonColor: '585852',\n\t\t\t\t\tHoverColor: 'ffffff'\n\t\t\t\t}\n\t\t\t};\n\t\t\t!function(){var e=new window.CTV.Widget('CRM', 'NewsLetter', customOptions);\n\t\t\tdocument.write(e.Write()),window.CTV.WidgetsCollection.push(e), e.Send()}();\n\t\t<\/script>\n\t<\/div>\n\t\n<\/section>\n","protected":false},"excerpt":{"rendered":"<p>Kontakt &amp; Anreise Kontaktieren Sie uns F\u00fcr Fragen oder Buchungsanfragen k\u00f6nnen Sie uns erreichen: Telefonisch unter : Per E-Mail: Anfrage f\u00fcr ein Angebot F\u00fcr weitere Informationen oder Ausk\u00fcnfte \u00fcber die Buchung eines Ferienhauses oder eines Stellplatzes f\u00fcllen Sie bitte die folgenden Felder aus: Erhalten Sie alle unsere Informationen und Neuigkeiten, indem Sie sich f\u00fcr den [&hellip;]<\/p>\n","protected":false},"author":1,"featured_media":0,"parent":0,"menu_order":0,"comment_status":"closed","ping_status":"closed","template":"","meta":[],"acf":[],"_links":{"self":[{"href":"https:\/\/www.camping-lacbleu.fr\/de\/wp-json\/wp\/v2\/pages\/1747"}],"collection":[{"href":"https:\/\/www.camping-lacbleu.fr\/de\/wp-json\/wp\/v2\/pages"}],"about":[{"href":"https:\/\/www.camping-lacbleu.fr\/de\/wp-json\/wp\/v2\/types\/page"}],"author":[{"embeddable":true,"href":"https:\/\/www.camping-lacbleu.fr\/de\/wp-json\/wp\/v2\/users\/1"}],"replies":[{"embeddable":true,"href":"https:\/\/www.camping-lacbleu.fr\/de\/wp-json\/wp\/v2\/comments?post=1747"}],"version-history":[{"count":2,"href":"https:\/\/www.camping-lacbleu.fr\/de\/wp-json\/wp\/v2\/pages\/1747\/revisions"}],"predecessor-version":[{"id":2416,"href":"https:\/\/www.camping-lacbleu.fr\/de\/wp-json\/wp\/v2\/pages\/1747\/revisions\/2416"}],"wp:attachment":[{"href":"https:\/\/www.camping-lacbleu.fr\/de\/wp-json\/wp\/v2\/media?parent=1747"}],"curies":[{"name":"wp","href":"https:\/\/api.w.org\/{rel}","templated":true}]}}